{"id":99,"date":"2017-01-28T20:24:30","date_gmt":"2017-01-28T17:24:30","guid":{"rendered":"https:\/\/www.deepnature.com\/blog\/?page_id=99"},"modified":"2021-12-21T13:37:46","modified_gmt":"2021-12-21T10:37:46","slug":"turlar","status":"publish","type":"page","link":"https:\/\/www.deepnature.com\/blog\/turlar\/","title":{"rendered":"Turlar"},"content":{"rendered":"<p>Deepnature Travel olarak\u00a0organize etti\u011fimiz turlar\u0131m\u0131z i\u00e7in <a href=\"http:\/\/www.deepnature.com\">www.deepnature.com<\/a>\u00a0sitemizi ziyaret edebilir; aktif olan t\u00fcm turlar\u0131m\u0131z\u0131 inceleyebilirsiniz.<\/p>\n","protected":false},"excerpt":{"rendered":"<p>Deepnature Travel olarak\u00a0organize etti\u011fimiz turlar\u0131m\u0131z i\u00e7in www.deepnature.com\u00a0sitemizi ziyaret edebilir; aktif olan t\u00fcm turlar\u0131m\u0131z\u0131 inceleyebilirsiniz.<\/p>\n","protected":false},"author":1,"featured_media":0,"parent":0,"menu_order":3,"comment_status":"closed","ping_status":"closed","template":"","meta":{"spay_email":""},"yoast_head":"<!-- This site is optimized with the Yoast SEO plugin v17.9 - https:\/\/yoast.com\/wordpress\/plugins\/seo\/ -->\n<title>Turlar - DEEPNATURE Blog<\/title>\n<meta name=\"robots\" content=\"index, follow, max-snippet:-1, max-image-preview:large, max-video-preview:-1\" \/>\n<link rel=\"canonical\" href=\"https:\/\/www.deepnature.com\/blog\/turlar\/\" \/>\n<meta property=\"og:locale\" content=\"tr_TR\" \/>\n<meta property=\"og:type\" content=\"article\" \/>\n<meta property=\"og:title\" content=\"Turlar - DEEPNATURE Blog\" \/>\n<meta property=\"og:description\" content=\"Deepnature Travel olarak\u00a0organize etti\u011fimiz turlar\u0131m\u0131z i\u00e7in www.deepnature.com\u00a0sitemizi ziyaret edebilir; aktif olan t\u00fcm turlar\u0131m\u0131z\u0131 inceleyebilirsiniz.\" \/>\n<meta property=\"og:url\" content=\"https:\/\/www.deepnature.com\/blog\/turlar\/\" \/>\n<meta property=\"og:site_name\" content=\"DEEPNATURE Blog\" \/>\n<meta property=\"article:publisher\" content=\"https:\/\/www.facebook.com\/deepnature\" \/>\n<meta property=\"article:modified_time\" content=\"2021-12-21T10:37:46+00:00\" \/>\n<meta property=\"og:image\" content=\"https:\/\/i0.wp.com\/www.deepnature.com\/blog\/wp-content\/uploads\/2017\/01\/cropped-DEEPNATURE-logo-250-250-1-1.jpg?fit=512%2C512&#038;ssl=1\" \/>\n\t<meta property=\"og:image:width\" content=\"512\" \/>\n\t<meta property=\"og:image:height\" content=\"512\" \/>\n\t<meta property=\"og:image:type\" content=\"image\/jpeg\" \/>\n<meta name=\"twitter:card\" content=\"summary_large_image\" \/>\n<meta name=\"twitter:site\" content=\"@deepnaturetur\" \/>\n<script type=\"application\/ld+json\" class=\"yoast-schema-graph\">{\"@context\":\"https:\/\/schema.org\",\"@graph\":[{\"@type\":\"Organization\",\"@id\":\"https:\/\/www.deepnature.com\/blog\/#organization\",\"name\":\"Deepnature\",\"url\":\"https:\/\/www.deepnature.com\/blog\/\",\"sameAs\":[\"https:\/\/www.facebook.com\/deepnature\",\"https:\/\/www.instagram.com\/deepnaturetravel\",\"https:\/\/twitter.com\/deepnaturetur\"],\"logo\":{\"@type\":\"ImageObject\",\"@id\":\"https:\/\/www.deepnature.com\/blog\/#logo\",\"inLanguage\":\"tr\",\"url\":\"https:\/\/i1.wp.com\/www.deepnature.com\/blog\/wp-content\/uploads\/2017\/01\/cropped-DEEPNATURE-logo-250-250-1-1.jpg?fit=512%2C512&ssl=1\",\"contentUrl\":\"https:\/\/i1.wp.com\/www.deepnature.com\/blog\/wp-content\/uploads\/2017\/01\/cropped-DEEPNATURE-logo-250-250-1-1.jpg?fit=512%2C512&ssl=1\",\"width\":512,\"height\":512,\"caption\":\"Deepnature\"},\"image\":{\"@id\":\"https:\/\/www.deepnature.com\/blog\/#logo\"}},{\"@type\":\"WebSite\",\"@id\":\"https:\/\/www.deepnature.com\/blog\/#website\",\"url\":\"https:\/\/www.deepnature.com\/blog\/\",\"name\":\"DEEPNATURE Blog\",\"description\":\"UZMANINDAN SEYAHAT \\u00d6NER\\u0130LER\\u0130, TAVS\\u0130YELER VE \\u0130PU\\u00c7LARI\",\"publisher\":{\"@id\":\"https:\/\/www.deepnature.com\/blog\/#organization\"},\"potentialAction\":[{\"@type\":\"SearchAction\",\"target\":{\"@type\":\"EntryPoint\",\"urlTemplate\":\"https:\/\/www.deepnature.com\/blog\/?s={search_term_string}\"},\"query-input\":\"required name=search_term_string\"}],\"inLanguage\":\"tr\"},{\"@type\":\"WebPage\",\"@id\":\"https:\/\/www.deepnature.com\/blog\/turlar\/#webpage\",\"url\":\"https:\/\/www.deepnature.com\/blog\/turlar\/\",\"name\":\"Turlar - DEEPNATURE Blog\",\"isPartOf\":{\"@id\":\"https:\/\/www.deepnature.com\/blog\/#website\"},\"datePublished\":\"2017-01-28T17:24:30+00:00\",\"dateModified\":\"2021-12-21T10:37:46+00:00\",\"breadcrumb\":{\"@id\":\"https:\/\/www.deepnature.com\/blog\/turlar\/#breadcrumb\"},\"inLanguage\":\"tr\",\"potentialAction\":[{\"@type\":\"ReadAction\",\"target\":[\"https:\/\/www.deepnature.com\/blog\/turlar\/\"]}]},{\"@type\":\"BreadcrumbList\",\"@id\":\"https:\/\/www.deepnature.com\/blog\/turlar\/#breadcrumb\",\"itemListElement\":[{\"@type\":\"ListItem\",\"position\":1,\"name\":\"Anasayfa\",\"item\":\"https:\/\/www.deepnature.com\/blog\/\"},{\"@type\":\"ListItem\",\"position\":2,\"name\":\"Turlar\"}]}]}<\/script>\n<!-- \/ Yoast SEO plugin. -->","yoast_head_json":{"title":"Turlar - DEEPNATURE Blog","robots":{"index":"index","follow":"follow","max-snippet":"max-snippet:-1","max-image-preview":"max-image-preview:large","max-video-preview":"max-video-preview:-1"},"canonical":"https:\/\/www.deepnature.com\/blog\/turlar\/","og_locale":"tr_TR","og_type":"article","og_title":"Turlar - DEEPNATURE Blog","og_description":"Deepnature Travel olarak\u00a0organize etti\u011fimiz turlar\u0131m\u0131z i\u00e7in www.deepnature.com\u00a0sitemizi ziyaret edebilir; aktif olan t\u00fcm turlar\u0131m\u0131z\u0131 inceleyebilirsiniz.","og_url":"https:\/\/www.deepnature.com\/blog\/turlar\/","og_site_name":"DEEPNATURE Blog","article_publisher":"https:\/\/www.facebook.com\/deepnature","article_modified_time":"2021-12-21T10:37:46+00:00","og_image":[{"width":512,"height":512,"url":"https:\/\/i0.wp.com\/www.deepnature.com\/blog\/wp-content\/uploads\/2017\/01\/cropped-DEEPNATURE-logo-250-250-1-1.jpg?fit=512%2C512&ssl=1","type":"image\/jpeg"}],"twitter_card":"summary_large_image","twitter_site":"@deepnaturetur","schema":{"@context":"https:\/\/schema.org","@graph":[{"@type":"Organization","@id":"https:\/\/www.deepnature.com\/blog\/#organization","name":"Deepnature","url":"https:\/\/www.deepnature.com\/blog\/","sameAs":["https:\/\/www.facebook.com\/deepnature","https:\/\/www.instagram.com\/deepnaturetravel","https:\/\/twitter.com\/deepnaturetur"],"logo":{"@type":"ImageObject","@id":"https:\/\/www.deepnature.com\/blog\/#logo","inLanguage":"tr","url":"https:\/\/i1.wp.com\/www.deepnature.com\/blog\/wp-content\/uploads\/2017\/01\/cropped-DEEPNATURE-logo-250-250-1-1.jpg?fit=512%2C512&ssl=1","contentUrl":"https:\/\/i1.wp.com\/www.deepnature.com\/blog\/wp-content\/uploads\/2017\/01\/cropped-DEEPNATURE-logo-250-250-1-1.jpg?fit=512%2C512&ssl=1","width":512,"height":512,"caption":"Deepnature"},"image":{"@id":"https:\/\/www.deepnature.com\/blog\/#logo"}},{"@type":"WebSite","@id":"https:\/\/www.deepnature.com\/blog\/#website","url":"https:\/\/www.deepnature.com\/blog\/","name":"DEEPNATURE Blog","description":"UZMANINDAN SEYAHAT \u00d6NER\u0130LER\u0130, TAVS\u0130YELER VE \u0130PU\u00c7LARI","publisher":{"@id":"https:\/\/www.deepnature.com\/blog\/#organization"},"potentialAction":[{"@type":"SearchAction","target":{"@type":"EntryPoint","urlTemplate":"https:\/\/www.deepnature.com\/blog\/?s={search_term_string}"},"query-input":"required name=search_term_string"}],"inLanguage":"tr"},{"@type":"WebPage","@id":"https:\/\/www.deepnature.com\/blog\/turlar\/#webpage","url":"https:\/\/www.deepnature.com\/blog\/turlar\/","name":"Turlar - DEEPNATURE Blog","isPartOf":{"@id":"https:\/\/www.deepnature.com\/blog\/#website"},"datePublished":"2017-01-28T17:24:30+00:00","dateModified":"2021-12-21T10:37:46+00:00","breadcrumb":{"@id":"https:\/\/www.deepnature.com\/blog\/turlar\/#breadcrumb"},"inLanguage":"tr","potentialAction":[{"@type":"ReadAction","target":["https:\/\/www.deepnature.com\/blog\/turlar\/"]}]},{"@type":"BreadcrumbList","@id":"https:\/\/www.deepnature.com\/blog\/turlar\/#breadcrumb","itemListElement":[{"@type":"ListItem","position":1,"name":"Anasayfa","item":"https:\/\/www.deepnature.com\/blog\/"},{"@type":"ListItem","position":2,"name":"Turlar"}]}]}},"jetpack-related-posts":[{"id":8,"url":"https:\/\/www.deepnature.com\/blog\/hakkimizda\/","url_meta":{"origin":99,"position":0},"title":"Hakk\u0131m\u0131zda","date":"28 Ocak 2017","format":false,"excerpt":"24 y\u0131ll\u0131k deneyimiyle, b\u00f6lgelerinin uzman\u0131, deneyimli rehber kadrosuyla yurt i\u00e7inde ve Antarktika ve Kuzey Kutbu da dahil 7 k\u0131tada 100'\u00fcn \u00fczerinde farkl\u0131 \u00fclkede d\u00fczenledigi tur paketleri ile \u00f6ne \u00e7\u0131kan Deepnature Travel, 2001 y\u0131l\u0131nda kurulmustur. Kat\u0131lanlara keyifli, hos an\u0131larla hat\u0131rlayacaklar\u0131 bir tur ya\u015fatmay\u0131 \u00f6ncelik haline getiren ve yurt i\u00e7i butik k\u00fclt\u00fcr\u2026","rel":"","context":"Benzer yaz\u0131","img":{"alt_text":"","src":"","width":0,"height":0},"classes":[]},{"id":111,"url":"https:\/\/www.deepnature.com\/blog\/yazilar\/","url_meta":{"origin":99,"position":1},"title":"YAZILAR","date":"31 Ocak 2017","format":false,"excerpt":"BLOG YAZILARI GEZ\u0130 REHBERLER\u0130 G\u00fcney Afrika Gezi Rehberi Vietnam Kambo\u00e7ya Gezi Rehberi Fas Gezi Rehberi Japonya Gezi Rehberi Hindistan Gezi Rehberi K\u00fcba Gezi Rehberi Kud\u00fcs Gezi Rehberi 10 Ad\u0131mda St. Petersburg Gezi Rehberi \u0130ran Gezi Rehberi Amsterdam Gezi Rehberi Macahel Gezi Rehberi EN \u0130Y\u0130 ZAMAN? Hangi Ayda Nerede Balay\u0131? Sey\u015feller'e\u2026","rel":"","context":"Benzer yaz\u0131","img":{"alt_text":"","src":"","width":0,"height":0},"classes":[]}],"_links":{"self":[{"href":"https:\/\/www.deepnature.com\/blog\/wp-json\/wp\/v2\/pages\/99"}],"collection":[{"href":"https:\/\/www.deepnature.com\/blog\/wp-json\/wp\/v2\/pages"}],"about":[{"href":"https:\/\/www.deepnature.com\/blog\/wp-json\/wp\/v2\/types\/page"}],"author":[{"embeddable":true,"href":"https:\/\/www.deepnature.com\/blog\/wp-json\/wp\/v2\/users\/1"}],"replies":[{"embeddable":true,"href":"https:\/\/www.deepnature.com\/blog\/wp-json\/wp\/v2\/comments?post=99"}],"version-history":[{"count":4,"href":"https:\/\/www.deepnature.com\/blog\/wp-json\/wp\/v2\/pages\/99\/revisions"}],"predecessor-version":[{"id":182,"href":"https:\/\/www.deepnature.com\/blog\/wp-json\/wp\/v2\/pages\/99\/revisions\/182"}],"wp:attachment":[{"href":"https:\/\/www.deepnature.com\/blog\/wp-json\/wp\/v2\/media?parent=99"}],"curies":[{"name":"wp","href":"https:\/\/api.w.org\/{rel}","templated":true}]}}