{"id":8,"date":"2017-01-28T18:17:08","date_gmt":"2017-01-28T15:17:08","guid":{"rendered":"https:\/\/www.deepnature.com\/blog\/?page_id=8"},"modified":"2024-05-05T22:21:10","modified_gmt":"2024-05-05T19:21:10","slug":"hakkimizda","status":"publish","type":"page","link":"https:\/\/www.deepnature.com\/blog\/hakkimizda\/","title":{"rendered":"Hakk\u0131m\u0131zda"},"content":{"rendered":"<p>24 y\u0131ll\u0131k deneyimiyle, b\u00f6lgelerinin uzman\u0131, deneyimli rehber kadrosuyla <strong>yurt i\u00e7inde<\/strong> ve <strong>Antarktika ve Kuzey Kutbu da dahil 7 k\u0131tada 100&#8217;\u00fcn \u00fczerinde farkl\u0131 \u00fclkede<\/strong> d\u00fczenledigi tur paketleri ile \u00f6ne \u00e7\u0131kan <strong>Deepnature Travel<\/strong>, 2001 y\u0131l\u0131nda kurulmustur.<\/p>\n<p>Kat\u0131lanlara keyifli, hos an\u0131larla hat\u0131rlayacaklar\u0131 bir tur ya\u015fatmay\u0131 \u00f6ncelik haline getiren ve <strong>yurt i\u00e7i butik k\u00fclt\u00fcr turlar\u0131n\u0131n<\/strong> \u00f6nc\u00fcs\u00fc olan Deepnature Travel, d\u00fcnyan\u0131n farkl\u0131 co\u011frafyalar\u0131ndaki partnerleri ve rehberleriyle, Kutuplardan Tazmanya&#8217;ya d\u00fcnyan\u0131n pek \u00e7ok co\u011frafyas\u0131na \u00f6zenle haz\u0131rlanm\u0131\u015f turlar\u0131 misafirlerine sundu\u011fu gibi <strong>kisiye \u00f6zel turlar<\/strong> ve <strong>egzotik adalar turlar\u0131<\/strong> ve <strong>balay\u0131 turlar\u0131 <\/strong>uzman departmanlar\u0131yla da kisiye \u00f6zel tatilleri en g\u00fczel \u015fekilde organize etmektedir.<\/p>\n<p>Deneyimli yurt ici operasyon ekibi de, ayn\u0131 zamanda T\u00fcrkiye&#8217;nin en g\u00fczel y\u00fcr\u00fcy\u00fc\u015f parkurlar\u0131nda <strong>y\u00fcr\u00fcy\u00fcs ve trekking turlar\u0131 <\/strong>da d\u00fczenlemektedir.<\/p>\n<p>Bu blog <strong><a href=\"https:\/\/www.deepnature.com\">Deepnature Travel<\/a>&#8216;<\/strong>\u0131n seyahat ipu\u00e7lar\u0131n\u0131, seyahat rehberlerini ve seyahat tavsiyelerini i\u00e7erir.<\/p>\n<hr \/>\n<p><strong>T\u00fcm aktif turlar\u0131m\u0131z\u0131 g\u00f6rmek i\u00e7in: <a href=\"https:\/\/www.deepnature.com\/\" target=\"_blank\" rel=\"noopener\">Deepnature Travel Turlar\u0131<\/a><\/strong><\/p>\n<hr \/>\n<div><strong>DEEPNATURE TRAVEL<\/strong><\/div>\n<div>T\u00fcrsab A Grubu Seyahat Acentas\u0131 (Belge no: 4824)<\/div>\n<div><\/div>\n<div><strong>S\u0130RKET B\u0130LG\u0130LER\u0130<\/strong><\/div>\n<div>MY TUR\u0130ZM \u0130NSAAT SAN. VE T\u0130C. LTD. ST\u0130.<\/div>\n<div>Sicil No: 449247<\/div>\n","protected":false},"excerpt":{"rendered":"<p>24 y\u0131ll\u0131k deneyimiyle, b\u00f6lgelerinin uzman\u0131, deneyimli rehber kadrosuyla yurt i\u00e7inde ve Antarktika ve Kuzey Kutbu da dahil 7 k\u0131tada 100&#8217;\u00fcn \u00fczerinde farkl\u0131 \u00fclkede d\u00fczenledigi tur paketleri ile \u00f6ne \u00e7\u0131kan Deepnature Travel, 2001 y\u0131l\u0131nda kurulmustur. Kat\u0131lanlara keyifli, hos an\u0131larla hat\u0131rlayacaklar\u0131 bir tur ya\u015fatmay\u0131 \u00f6ncelik haline getiren ve yurt i\u00e7i butik k\u00fclt\u00fcr turlar\u0131n\u0131n \u00f6nc\u00fcs\u00fc olan Deepnature Travel, [&hellip;]<\/p>\n","protected":false},"author":1,"featured_media":0,"parent":0,"menu_order":2,"comment_status":"closed","ping_status":"closed","template":"","meta":{"spay_email":""},"yoast_head":"<!-- This site is optimized with the Yoast SEO plugin v17.9 - https:\/\/yoast.com\/wordpress\/plugins\/seo\/ -->\n<title>Hakk\u0131m\u0131zda - Yurt i\u00e7i turlar - Yurt d\u0131\u015f\u0131 turlar\u0131 - DEEPNATURE Blog<\/title>\n<meta name=\"description\" content=\"Deepnature Travel, yurt i\u00e7i butik turlar, yurt d\u0131\u015f\u0131 turlar\u0131, egzotik adalar turlar\u0131, balay\u0131 turlar\u0131, ki\u015fiye \u00f6zel turlar organize etmektedir.\" \/>\n<meta name=\"robots\" content=\"index, follow, max-snippet:-1, max-image-preview:large, max-video-preview:-1\" \/>\n<link rel=\"canonical\" href=\"https:\/\/www.deepnature.com\/blog\/hakkimizda\/\" \/>\n<meta property=\"og:locale\" content=\"tr_TR\" \/>\n<meta property=\"og:type\" content=\"article\" \/>\n<meta property=\"og:title\" content=\"Hakk\u0131m\u0131zda - Yurt i\u00e7i turlar - Yurt d\u0131\u015f\u0131 turlar\u0131 - DEEPNATURE Blog\" \/>\n<meta property=\"og:description\" content=\"Deepnature Travel, yurt i\u00e7i butik turlar, yurt d\u0131\u015f\u0131 turlar\u0131, egzotik adalar turlar\u0131, balay\u0131 turlar\u0131, ki\u015fiye \u00f6zel turlar organize etmektedir.\" \/>\n<meta property=\"og:url\" content=\"https:\/\/www.deepnature.com\/blog\/hakkimizda\/\" \/>\n<meta property=\"og:site_name\" content=\"DEEPNATURE Blog\" \/>\n<meta property=\"article:publisher\" content=\"https:\/\/www.facebook.com\/deepnature\" \/>\n<meta property=\"article:modified_time\" content=\"2024-05-05T19:21:10+00:00\" \/>\n<meta property=\"og:image\" content=\"https:\/\/i0.wp.com\/www.deepnature.com\/blog\/wp-content\/uploads\/2017\/01\/cropped-DEEPNATURE-logo-250-250-1-1.jpg?fit=512%2C512&#038;ssl=1\" \/>\n\t<meta property=\"og:image:width\" content=\"512\" \/>\n\t<meta property=\"og:image:height\" content=\"512\" \/>\n\t<meta property=\"og:image:type\" content=\"image\/jpeg\" \/>\n<meta name=\"twitter:card\" content=\"summary_large_image\" \/>\n<meta name=\"twitter:site\" content=\"@deepnaturetur\" \/>\n<meta name=\"twitter:label1\" content=\"Tahmini okuma s\u00fcresi\" \/>\n\t<meta name=\"twitter:data1\" content=\"1 dakika\" \/>\n<script type=\"application\/ld+json\" class=\"yoast-schema-graph\">{\"@context\":\"https:\/\/schema.org\",\"@graph\":[{\"@type\":\"Organization\",\"@id\":\"https:\/\/www.deepnature.com\/blog\/#organization\",\"name\":\"Deepnature\",\"url\":\"https:\/\/www.deepnature.com\/blog\/\",\"sameAs\":[\"https:\/\/www.facebook.com\/deepnature\",\"https:\/\/www.instagram.com\/deepnaturetravel\",\"https:\/\/twitter.com\/deepnaturetur\"],\"logo\":{\"@type\":\"ImageObject\",\"@id\":\"https:\/\/www.deepnature.com\/blog\/#logo\",\"inLanguage\":\"tr\",\"url\":\"https:\/\/i1.wp.com\/www.deepnature.com\/blog\/wp-content\/uploads\/2017\/01\/cropped-DEEPNATURE-logo-250-250-1-1.jpg?fit=512%2C512&ssl=1\",\"contentUrl\":\"https:\/\/i1.wp.com\/www.deepnature.com\/blog\/wp-content\/uploads\/2017\/01\/cropped-DEEPNATURE-logo-250-250-1-1.jpg?fit=512%2C512&ssl=1\",\"width\":512,\"height\":512,\"caption\":\"Deepnature\"},\"image\":{\"@id\":\"https:\/\/www.deepnature.com\/blog\/#logo\"}},{\"@type\":\"WebSite\",\"@id\":\"https:\/\/www.deepnature.com\/blog\/#website\",\"url\":\"https:\/\/www.deepnature.com\/blog\/\",\"name\":\"DEEPNATURE Blog\",\"description\":\"UZMANINDAN SEYAHAT \\u00d6NER\\u0130LER\\u0130, TAVS\\u0130YELER VE \\u0130PU\\u00c7LARI\",\"publisher\":{\"@id\":\"https:\/\/www.deepnature.com\/blog\/#organization\"},\"potentialAction\":[{\"@type\":\"SearchAction\",\"target\":{\"@type\":\"EntryPoint\",\"urlTemplate\":\"https:\/\/www.deepnature.com\/blog\/?s={search_term_string}\"},\"query-input\":\"required name=search_term_string\"}],\"inLanguage\":\"tr\"},{\"@type\":\"WebPage\",\"@id\":\"https:\/\/www.deepnature.com\/blog\/hakkimizda\/#webpage\",\"url\":\"https:\/\/www.deepnature.com\/blog\/hakkimizda\/\",\"name\":\"Hakk\\u0131m\\u0131zda - Yurt i\\u00e7i turlar - Yurt d\\u0131\\u015f\\u0131 turlar\\u0131 - DEEPNATURE Blog\",\"isPartOf\":{\"@id\":\"https:\/\/www.deepnature.com\/blog\/#website\"},\"datePublished\":\"2017-01-28T15:17:08+00:00\",\"dateModified\":\"2024-05-05T19:21:10+00:00\",\"description\":\"Deepnature Travel, yurt i\\u00e7i butik turlar, yurt d\\u0131\\u015f\\u0131 turlar\\u0131, egzotik adalar turlar\\u0131, balay\\u0131 turlar\\u0131, ki\\u015fiye \\u00f6zel turlar organize etmektedir.\",\"breadcrumb\":{\"@id\":\"https:\/\/www.deepnature.com\/blog\/hakkimizda\/#breadcrumb\"},\"inLanguage\":\"tr\",\"potentialAction\":[{\"@type\":\"ReadAction\",\"target\":[\"https:\/\/www.deepnature.com\/blog\/hakkimizda\/\"]}]},{\"@type\":\"BreadcrumbList\",\"@id\":\"https:\/\/www.deepnature.com\/blog\/hakkimizda\/#breadcrumb\",\"itemListElement\":[{\"@type\":\"ListItem\",\"position\":1,\"name\":\"Anasayfa\",\"item\":\"https:\/\/www.deepnature.com\/blog\/\"},{\"@type\":\"ListItem\",\"position\":2,\"name\":\"Hakk\\u0131m\\u0131zda\"}]}]}<\/script>\n<!-- \/ Yoast SEO plugin. -->","yoast_head_json":{"title":"Hakk\u0131m\u0131zda - Yurt i\u00e7i turlar - Yurt d\u0131\u015f\u0131 turlar\u0131 - DEEPNATURE Blog","description":"Deepnature Travel, yurt i\u00e7i butik turlar, yurt d\u0131\u015f\u0131 turlar\u0131, egzotik adalar turlar\u0131, balay\u0131 turlar\u0131, ki\u015fiye \u00f6zel turlar organize etmektedir.","robots":{"index":"index","follow":"follow","max-snippet":"max-snippet:-1","max-image-preview":"max-image-preview:large","max-video-preview":"max-video-preview:-1"},"canonical":"https:\/\/www.deepnature.com\/blog\/hakkimizda\/","og_locale":"tr_TR","og_type":"article","og_title":"Hakk\u0131m\u0131zda - Yurt i\u00e7i turlar - Yurt d\u0131\u015f\u0131 turlar\u0131 - DEEPNATURE Blog","og_description":"Deepnature Travel, yurt i\u00e7i butik turlar, yurt d\u0131\u015f\u0131 turlar\u0131, egzotik adalar turlar\u0131, balay\u0131 turlar\u0131, ki\u015fiye \u00f6zel turlar organize etmektedir.","og_url":"https:\/\/www.deepnature.com\/blog\/hakkimizda\/","og_site_name":"DEEPNATURE Blog","article_publisher":"https:\/\/www.facebook.com\/deepnature","article_modified_time":"2024-05-05T19:21:10+00:00","og_image":[{"width":512,"height":512,"url":"https:\/\/i0.wp.com\/www.deepnature.com\/blog\/wp-content\/uploads\/2017\/01\/cropped-DEEPNATURE-logo-250-250-1-1.jpg?fit=512%2C512&ssl=1","type":"image\/jpeg"}],"twitter_card":"summary_large_image","twitter_site":"@deepnaturetur","twitter_misc":{"Tahmini okuma s\u00fcresi":"1 dakika"},"schema":{"@context":"https:\/\/schema.org","@graph":[{"@type":"Organization","@id":"https:\/\/www.deepnature.com\/blog\/#organization","name":"Deepnature","url":"https:\/\/www.deepnature.com\/blog\/","sameAs":["https:\/\/www.facebook.com\/deepnature","https:\/\/www.instagram.com\/deepnaturetravel","https:\/\/twitter.com\/deepnaturetur"],"logo":{"@type":"ImageObject","@id":"https:\/\/www.deepnature.com\/blog\/#logo","inLanguage":"tr","url":"https:\/\/i1.wp.com\/www.deepnature.com\/blog\/wp-content\/uploads\/2017\/01\/cropped-DEEPNATURE-logo-250-250-1-1.jpg?fit=512%2C512&ssl=1","contentUrl":"https:\/\/i1.wp.com\/www.deepnature.com\/blog\/wp-content\/uploads\/2017\/01\/cropped-DEEPNATURE-logo-250-250-1-1.jpg?fit=512%2C512&ssl=1","width":512,"height":512,"caption":"Deepnature"},"image":{"@id":"https:\/\/www.deepnature.com\/blog\/#logo"}},{"@type":"WebSite","@id":"https:\/\/www.deepnature.com\/blog\/#website","url":"https:\/\/www.deepnature.com\/blog\/","name":"DEEPNATURE Blog","description":"UZMANINDAN SEYAHAT \u00d6NER\u0130LER\u0130, TAVS\u0130YELER VE \u0130PU\u00c7LARI","publisher":{"@id":"https:\/\/www.deepnature.com\/blog\/#organization"},"potentialAction":[{"@type":"SearchAction","target":{"@type":"EntryPoint","urlTemplate":"https:\/\/www.deepnature.com\/blog\/?s={search_term_string}"},"query-input":"required name=search_term_string"}],"inLanguage":"tr"},{"@type":"WebPage","@id":"https:\/\/www.deepnature.com\/blog\/hakkimizda\/#webpage","url":"https:\/\/www.deepnature.com\/blog\/hakkimizda\/","name":"Hakk\u0131m\u0131zda - Yurt i\u00e7i turlar - Yurt d\u0131\u015f\u0131 turlar\u0131 - DEEPNATURE Blog","isPartOf":{"@id":"https:\/\/www.deepnature.com\/blog\/#website"},"datePublished":"2017-01-28T15:17:08+00:00","dateModified":"2024-05-05T19:21:10+00:00","description":"Deepnature Travel, yurt i\u00e7i butik turlar, yurt d\u0131\u015f\u0131 turlar\u0131, egzotik adalar turlar\u0131, balay\u0131 turlar\u0131, ki\u015fiye \u00f6zel turlar organize etmektedir.","breadcrumb":{"@id":"https:\/\/www.deepnature.com\/blog\/hakkimizda\/#breadcrumb"},"inLanguage":"tr","potentialAction":[{"@type":"ReadAction","target":["https:\/\/www.deepnature.com\/blog\/hakkimizda\/"]}]},{"@type":"BreadcrumbList","@id":"https:\/\/www.deepnature.com\/blog\/hakkimizda\/#breadcrumb","itemListElement":[{"@type":"ListItem","position":1,"name":"Anasayfa","item":"https:\/\/www.deepnature.com\/blog\/"},{"@type":"ListItem","position":2,"name":"Hakk\u0131m\u0131zda"}]}]}},"jetpack-related-posts":[{"id":99,"url":"https:\/\/www.deepnature.com\/blog\/turlar\/","url_meta":{"origin":8,"position":0},"title":"Turlar","date":"28 Ocak 2017","format":false,"excerpt":"Deepnature Travel olarak\u00a0organize etti\u011fimiz turlar\u0131m\u0131z i\u00e7in www.deepnature.com\u00a0sitemizi ziyaret edebilir; aktif olan t\u00fcm turlar\u0131m\u0131z\u0131 inceleyebilirsiniz.","rel":"","context":"Benzer yaz\u0131","img":{"alt_text":"","src":"","width":0,"height":0},"classes":[]},{"id":111,"url":"https:\/\/www.deepnature.com\/blog\/yazilar\/","url_meta":{"origin":8,"position":1},"title":"YAZILAR","date":"31 Ocak 2017","format":false,"excerpt":"BLOG YAZILARI GEZ\u0130 REHBERLER\u0130 G\u00fcney Afrika Gezi Rehberi Vietnam Kambo\u00e7ya Gezi Rehberi Fas Gezi Rehberi Japonya Gezi Rehberi Hindistan Gezi Rehberi K\u00fcba Gezi Rehberi Kud\u00fcs Gezi Rehberi 10 Ad\u0131mda St. Petersburg Gezi Rehberi \u0130ran Gezi Rehberi Amsterdam Gezi Rehberi Macahel Gezi Rehberi EN \u0130Y\u0130 ZAMAN? Hangi Ayda Nerede Balay\u0131? Sey\u015feller'e\u2026","rel":"","context":"Benzer yaz\u0131","img":{"alt_text":"","src":"","width":0,"height":0},"classes":[]},{"id":368,"url":"https:\/\/www.deepnature.com\/blog\/","url_meta":{"origin":8,"position":2},"title":"Ana Sayfa","date":"24 Ocak 2022","format":false,"excerpt":"Yurt D\u0131\u015f\u0131 Gezi Yaz\u0131lar\u0131 Yurt \u0130\u00e7i Gezi Yaz\u0131lar\u0131","rel":"","context":"Benzer yaz\u0131","img":{"alt_text":"","src":"","width":0,"height":0},"classes":[]},{"id":9,"url":"https:\/\/www.deepnature.com\/blog\/bize-ulasin\/","url_meta":{"origin":8,"position":3},"title":"Bize ula\u015f\u0131n","date":"28 Ocak 2017","format":false,"excerpt":"DEEPNATURE TRAVEL ADRES B\u0130LG\u0130LER\u0130 Feneryolu Mah. Ba\u011fdat Cad. Sar\u0131 K\u00f6\u015fk Ap. No:103 K:3 D:10 Feneryolu - Kad\u0131k\u00f6y \/ \u0130stanbul* \u00c7ALI\u015eMA SAATLER\u0130 Hafta i\u00e7i g\u00fcnlerde 09:30-18:00 saatleri aras\u0131nda ofisimiz a\u00e7\u0131kt\u0131r.* (Bayram ve tatil g\u00fcnleri kapal\u0131y\u0131z) *CORONAV\u0130R\u00dcS \u00d6NLEMLER\u0130 \u00c7ER\u00c7EVES\u0130NDE \u00c7ALI\u015eANLARIMIZ EVDEN \u00c7ALI\u015eMAKTADIR, B\u0130ZE TELEFON VE E-POSTA \u0130LE ULA\u015eAB\u0130L\u0130RS\u0130N\u0130Z. \u0130LET\u0130\u015e\u0130M B\u0130LG\u0130LER\u0130 E-posta: info@deepnature.com\u2026","rel":"","context":"Benzer yaz\u0131","img":{"alt_text":"","src":"","width":0,"height":0},"classes":[]}],"_links":{"self":[{"href":"https:\/\/www.deepnature.com\/blog\/wp-json\/wp\/v2\/pages\/8"}],"collection":[{"href":"https:\/\/www.deepnature.com\/blog\/wp-json\/wp\/v2\/pages"}],"about":[{"href":"https:\/\/www.deepnature.com\/blog\/wp-json\/wp\/v2\/types\/page"}],"author":[{"embeddable":true,"href":"https:\/\/www.deepnature.com\/blog\/wp-json\/wp\/v2\/users\/1"}],"replies":[{"embeddable":true,"href":"https:\/\/www.deepnature.com\/blog\/wp-json\/wp\/v2\/comments?post=8"}],"version-history":[{"count":19,"href":"https:\/\/www.deepnature.com\/blog\/wp-json\/wp\/v2\/pages\/8\/revisions"}],"predecessor-version":[{"id":410,"href":"https:\/\/www.deepnature.com\/blog\/wp-json\/wp\/v2\/pages\/8\/revisions\/410"}],"wp:attachment":[{"href":"https:\/\/www.deepnature.com\/blog\/wp-json\/wp\/v2\/media?parent=8"}],"curies":[{"name":"wp","href":"https:\/\/api.w.org\/{rel}","templated":true}]}}